{"id":2953,"date":"2021-01-26T08:59:40","date_gmt":"2021-01-26T07:59:40","guid":{"rendered":"https:\/\/www.alpilegno.com\/cookies"},"modified":"2026-04-10T08:39:46","modified_gmt":"2026-04-10T06:39:46","slug":"cookies","status":"publish","type":"page","link":"https:\/\/www.alpilegno.com\/de\/cookies","title":{"rendered":"Cookies"},"content":{"rendered":"<p>Die Internetseite www.alpilegno.com (\u201eInternetseite\u201c) benutzt Cookies. Cookies sind Textinformationen, die von einem Server generiert und auf der Festplatte des Computers oder auf jedem beliebigen vom Nutzer verwendeten Ger\u00e4t gespeichert werden, um auf das Internet zuzugreifen (Smartphone, Tablet, etc.) und danach erneut f\u00fcr nachfolgende Zugriffe desselben Besuchers auf das Internet \u00fcbertragen zu werden. Cookies erm\u00f6glichen, Informationen \u00fcber die Navigation des Nutzers auf der Internetseite zu erfassen, wie z.\u00a0B. Sprachpr\u00e4ferenzen oder die f\u00fcr einen Kauf verwendete W\u00e4hrung zu speichern und diese bei einem nachfolgenden Besuch vorzuschlagen, um die Nutzung zu erleichtern. Cookies k\u00f6nnen dauerhaft auf Ihrem Computer gespeichert werden und eine variable Lebensdauer haben (s.g. persistente Cookies), k\u00f6nnen aber auch mit dem Schlie\u00dfen des Browsers verschwinden oder eine beschr\u00e4nkte Lebensdauer haben (s.g. Sitzungscookies). Cookies k\u00f6nnen \u00fcber die von Ihnen gerade besuchte Internetseite (s.g. Erstanbieter-Cookies) oder \u00fcber andere Interseiten installiert werden (s.g. Drittanbieter-Cookies). Die Internetseite benutzt Erstanbieter-Cookies, Drittanbieter-Cookies und andere \u00e4hnliche Technologien, wie in der Folge n\u00e4her beschrieben wird.<\/p>\n<h2>Verantwortlicher der Verarbeitung<\/h2>\n<p>Alpilegno Srl unipersonale, Via Ampola 32\/B \u2013 38067 Ledro (TN), UID-Nummer 02206780229 Tel +39 0464595440 \u2013 E-Mail <a href=\"mailto:alpilegno@alpilegno.com\">alpilegno@alpilegno.com<\/a>\u00a0(in der Folge auch \u201eGesellschaft\u201d).<\/p>\n<h2>1 \u2013 Zweck der Datenverarbeitung<\/h2>\n<p>1.1 \u2013 Notwendige technische Cookies: Die Internetseite benutzt Erstanbieter-Cookies, Sitzungscookies und persistente Cookies, um Ihnen eine sichere, effiziente Navigation und Nutzung der Internetseite zu erm\u00f6glichen sowie die Serviceleistungen der Internetseite zu verbessern. Es handelt sich dabei um Cookies, die z. B. die Erkennung der gew\u00e4hlten Sprache und des Landes erm\u00f6glichen, von dem aus sich der Nutzer mit der Internetseite verbindet. Durch diese Cookies, die Sie bei einem erneuten Besuch der Internetseite wiedererkennen, wird vermieden, dass Sie Ihre Daten jedes Mal erneut eingeben m\u00fcssen. Die Internetseite verwendet zudem auch Drittanbieter-Cookies von Google Analytics, um Informationen \u00fcber die Verwendung der Internetseite durch die Nutzer zu erfassen (Anzahl der Besucher, besuchte Seiten, Verweildauer auf der Internetseite etc.). Die IP-Adressen der Nutzer werden anonym erfasst und verarbeitet und die Einstellungen der Serviceleistung sehen keine Weitergabe der Daten an Google vor. N\u00e4here Details und Informationen finden Sie auf der Internetseite des Anbieters unter <a href=\"https:\/\/support.google.com\/analytics\/answer\/1011397\" target=\"_blank\" rel=\"noopener\">https:\/\/support.google.com\/analytics\/answer\/1011397<\/a>. Sie k\u00f6nnen auf jeden Fall die Cookies von Google Analytics deaktivieren, indem Sie ein spezielles Browser-Plug-in herunterladen, das Sie hier abrufen k\u00f6nnen:\u00a0<a href=\"https:\/\/tools.google.com\/dlpage\/gaoptout\" target=\"_blank\" rel=\"noopener\">https:\/\/tools.google.com\/dlpage\/gaoptout<\/a>.<\/p>\n<h2>2 \u2013 Rechtsgrundlagen f\u00fcr die Datenverarbeitungen<\/h2>\n<p>2.1 \u2013 Notwendige technische Cookies: Erf\u00fcllung eines Vertrags, an dem Sie beteiligt sind (Nutzung der Internetseite).<\/p>\n<h2>3 \u2013 Zeitraum der Aufbewahrung der personenbezogenen Daten<\/h2>\n<p>Um die Lebensdauer der einzelnen Cookies zu \u00fcberpr\u00fcfen, siehe <a href=\"#\" class=\"cm-open-cookie-notice cm-open-cookie-notice-shortcode-type-link\" aria-haspopup=\"dialog\"><span class=\"cm-open-cookie-notice-span\">Komplette Liste der Cookies<\/span><\/a>.<\/p>\n<h2>4 \u2013 Ihre Rechte als betroffene Person der Datenverarbeitung<\/h2>\n<p>Sie k\u00f6nnen das Unternehmen per E-Mail an <a href=\"mailto:alpilegno@alpilegno.com\">alpilegno@alpilegno.com<\/a> kontaktieren, um Zugriff zu den Sie betreffenden Daten, deren L\u00f6schung, die Berichtigung unkorrekter Daten oder die Erg\u00e4nzung unvollst\u00e4ndiger Daten, die Beschr\u00e4nkung der Verarbeitung in den von Art. 18 DSGVO vorgesehenen F\u00e4llen zu erwirken sowie Widerspruch gegen die Verarbeitung in F\u00e4llen eines berechtigten Interesses des Unternehmens erheben.<br \/>\nSollte die Verarbeitung auf einer Zustimmung oder einem Vertrag beruhen und mit automatisierten Tools erfolgt sein, haben Sie zudem auch das Recht, die Sie betreffenden Daten in einem strukturierten, g\u00e4ngigen und maschinenlesbaren Format zu erhalten und dass diese, sofern technisch machbar, ohne Behinderung an einen anderen Verantwortlichen zu \u00fcbermitteln.<\/p>\n<p>Sie haben das Recht, Ihre zu Marketing- und\/oder Profilerstellungszwecken gegebene Zustimmung jederzeit zu widerrufen und sich der Verarbeitung der Daten zu Marketingzwecken, einschlie\u00dflich Profilerstellung in Verbindung mit Direktmarketing, zu widersetzen. Sollten Sie es vorziehen, zu dem oben genannten Zweck ausschlie\u00dflich auf herk\u00f6mmliche Weise kontaktiert zu werden, besteht auf jeden Fall die M\u00f6glichkeit, sich nur dem Erhalt von Mitteilungen mit automatisierten Tools zu widersetzen.<\/p>\n<p>Sie haben das Recht, bei einer Aufsichtsbeh\u00f6rde des Mitgliedstaats, in dem Sie Ihren gew\u00f6hnlichen Wohnsitz haben oder arbeiten, oder des Staates, in dem der mutma\u00dfliche Versto\u00df stattgefunden hat, eine Beschwerde einzulegen.<br \/>\nSie k\u00f6nnen sich der Speicherung von Cookies auf Ihrer Festplatte widersetzen, indem Sie Ihren Browser so konfigurieren, dass die Cookies deaktiviert werden. Es folgen die von den wichtigsten Browsern angebotenen Modalit\u00e4ten: <a href=\"https:\/\/support.google.com\/chrome\/answer\/95647?hl=it-it\" target=\"_blank\" rel=\"noopener\">Google Chrome<\/a>, <a href=\"https:\/\/support.apple.com\/it-it\/guide\/safari\/sfri11471\/mac#:~:text=Nell'app%20Safari%20sul%20Mac,il%20monitoraggio%20tra%20siti%20web%E2%80%9D\" target=\"_blank\" rel=\"noopener\">Safari<\/a>, <a href=\"https:\/\/support.mozilla.org\/it\/kb\/Bloccare%20i%20cookie\" target=\"_blank\" rel=\"noopener\">Mozilla Firefox<\/a>, <a href=\"https:\/\/support.microsoft.com\/it-it\/microsoft-edge\/eliminare-i-cookie-in-microsoft-edge-63947406-40ac-c3b8-57b9-2a946a29ae09#:~:text=Apri%20Microsoft%20Edge%20and%20seleziona,del%20sito%2C%20quindi%20Cancella%20ora\" target=\"_blank\" rel=\"noopener\">Microsoft Edge<\/a>.<\/p>\n<p>Nach diesem Vorgang k\u00f6nnten einige Funktionen der Internetseiten nicht korrekt ausgef\u00fchrt werden.<\/p>\n<h2>5 \u2013 Merkmale der auf dieser Internetseite verwendeten Cookies<\/h2>\n<p>Sie k\u00f6nnen die vollst\u00e4ndige Liste der auf der Internetseite verwendeten Cookies anzeigen, indem Sie den folgenden Link anklicken: <a href=\"#\" class=\"cm-open-cookie-notice cm-open-cookie-notice-shortcode-type-link\" aria-haspopup=\"dialog\"><span class=\"cm-open-cookie-notice-span\">Komplette Liste der Cookies<\/span><\/a>.<\/p>\n<h2>6 \u2013 Die zur Datenverarbeitung befugten Personen<\/h2>\n<p>Die mit Hilfe von Cookies erfassten Daten werden von Angestellten, Mitarbeitern des Unternehmens oder externen Personen in ihrer Eigenschaft als zur Datenverarbeitung Beauftragte und Auftragsverarbeiter verarbeitet, die im Auftrag des Unternehmens technische und organisatorische Aufgaben in Verbindung mit der Internetseite erf\u00fcllen. Eine vollst\u00e4ndige und aktuelle Liste der vom Unternehmen ernannten Auftragsverarbeiter kann per E-Mail an <a href=\"mailto:alpilegno@alpilegno.com\">alpilegno@alpilegno.com<\/a> angefordert werden.<\/p>\n","protected":false},"excerpt":{"rendered":"<p>Die Internetseite www.alpilegno.com (\u201eInternetseite\u201c) benutzt Cookies. Cookies sind Textinformationen, die von einem Server generiert und auf der Festplatte des Computers oder auf jedem beliebigen vom Nutzer verwendeten Ger\u00e4t gespeichert werden, um auf das Internet zuzugreifen (Smartphone, Tablet, etc.) und danach erneut f\u00fcr nachfolgende Zugriffe desselben Besuchers auf das Internet \u00fcbertragen zu werden. Cookies erm\u00f6glichen, Informationen [&hellip;]<\/p>\n","protected":false},"author":2,"featured_media":0,"parent":0,"menu_order":0,"comment_status":"closed","ping_status":"closed","template":"","meta":{"_acf_changed":false,"footnotes":""},"class_list":["post-2953","page","type-page","status-publish","hentry"],"acf":[],"yoast_head":"<!-- This site is optimized with the Yoast SEO plugin v26.7 - https:\/\/yoast.com\/wordpress\/plugins\/seo\/ -->\n<title>Cookies - Alpilegno<\/title>\n<meta name=\"robots\" content=\"index, follow, max-snippet:-1, max-image-preview:large, max-video-preview:-1\" \/>\n<meta property=\"og:locale\" content=\"de_DE\" \/>\n<meta property=\"og:type\" content=\"article\" \/>\n<meta property=\"og:title\" content=\"Cookies - Alpilegno\" \/>\n<meta property=\"og:description\" content=\"Die Internetseite www.alpilegno.com (\u201eInternetseite\u201c) benutzt Cookies. Cookies sind Textinformationen, die von einem Server generiert und auf der Festplatte des Computers oder auf jedem beliebigen vom Nutzer verwendeten Ger\u00e4t gespeichert werden, um auf das Internet zuzugreifen (Smartphone, Tablet, etc.) und danach erneut f\u00fcr nachfolgende Zugriffe desselben Besuchers auf das Internet \u00fcbertragen zu werden. Cookies erm\u00f6glichen, Informationen [&hellip;]\" \/>\n<meta property=\"og:url\" content=\"https:\/\/www.alpilegno.com\/de\/cookies\" \/>\n<meta property=\"og:site_name\" content=\"Alpilegno\" \/>\n<meta property=\"article:modified_time\" content=\"2026-04-10T06:39:46+00:00\" \/>\n<meta property=\"og:image\" content=\"https:\/\/www.alpilegno.com\/wp-content\/uploads\/2021\/12\/contatti.jpg\" \/>\n\t<meta property=\"og:image:width\" content=\"750\" \/>\n\t<meta property=\"og:image:height\" content=\"695\" \/>\n\t<meta property=\"og:image:type\" content=\"image\/jpeg\" \/>\n<meta name=\"twitter:card\" content=\"summary_large_image\" \/>\n<meta name=\"twitter:label1\" content=\"Gesch\u00e4tzte Lesezeit\" \/>\n\t<meta name=\"twitter:data1\" content=\"4\u00a0Minuten\" \/>\n<script type=\"application\/ld+json\" class=\"yoast-schema-graph\">{\"@context\":\"https:\/\/schema.org\",\"@graph\":[{\"@type\":\"WebPage\",\"@id\":\"https:\/\/www.alpilegno.com\/de\/cookies\",\"url\":\"https:\/\/www.alpilegno.com\/de\/cookies\",\"name\":\"Cookies - Alpilegno\",\"isPartOf\":{\"@id\":\"https:\/\/www.alpilegno.com\/de#website\"},\"datePublished\":\"2021-01-26T07:59:40+00:00\",\"dateModified\":\"2026-04-10T06:39:46+00:00\",\"breadcrumb\":{\"@id\":\"https:\/\/www.alpilegno.com\/de\/cookies#breadcrumb\"},\"inLanguage\":\"de\",\"potentialAction\":[{\"@type\":\"ReadAction\",\"target\":[\"https:\/\/www.alpilegno.com\/de\/cookies\"]}]},{\"@type\":\"BreadcrumbList\",\"@id\":\"https:\/\/www.alpilegno.com\/de\/cookies#breadcrumb\",\"itemListElement\":[{\"@type\":\"ListItem\",\"position\":1,\"name\":\"Home\",\"item\":\"https:\/\/www.alpilegno.com\/de\"},{\"@type\":\"ListItem\",\"position\":2,\"name\":\"Cookies\"}]},{\"@type\":\"WebSite\",\"@id\":\"https:\/\/www.alpilegno.com\/de#website\",\"url\":\"https:\/\/www.alpilegno.com\/de\",\"name\":\"Alpilegno\",\"description\":\"\",\"potentialAction\":[{\"@type\":\"SearchAction\",\"target\":{\"@type\":\"EntryPoint\",\"urlTemplate\":\"https:\/\/www.alpilegno.com\/de?s={search_term_string}\"},\"query-input\":{\"@type\":\"PropertyValueSpecification\",\"valueRequired\":true,\"valueName\":\"search_term_string\"}}],\"inLanguage\":\"de\"}]}<\/script>\n<!-- \/ Yoast SEO plugin. -->","yoast_head_json":{"title":"Cookies - Alpilegno","robots":{"index":"index","follow":"follow","max-snippet":"max-snippet:-1","max-image-preview":"max-image-preview:large","max-video-preview":"max-video-preview:-1"},"og_locale":"de_DE","og_type":"article","og_title":"Cookies - Alpilegno","og_description":"Die Internetseite www.alpilegno.com (\u201eInternetseite\u201c) benutzt Cookies. Cookies sind Textinformationen, die von einem Server generiert und auf der Festplatte des Computers oder auf jedem beliebigen vom Nutzer verwendeten Ger\u00e4t gespeichert werden, um auf das Internet zuzugreifen (Smartphone, Tablet, etc.) und danach erneut f\u00fcr nachfolgende Zugriffe desselben Besuchers auf das Internet \u00fcbertragen zu werden. Cookies erm\u00f6glichen, Informationen [&hellip;]","og_url":"https:\/\/www.alpilegno.com\/de\/cookies","og_site_name":"Alpilegno","article_modified_time":"2026-04-10T06:39:46+00:00","og_image":[{"width":750,"height":695,"url":"https:\/\/www.alpilegno.com\/wp-content\/uploads\/2021\/12\/contatti.jpg","type":"image\/jpeg"}],"twitter_card":"summary_large_image","twitter_misc":{"Gesch\u00e4tzte Lesezeit":"4\u00a0Minuten"},"schema":{"@context":"https:\/\/schema.org","@graph":[{"@type":"WebPage","@id":"https:\/\/www.alpilegno.com\/de\/cookies","url":"https:\/\/www.alpilegno.com\/de\/cookies","name":"Cookies - Alpilegno","isPartOf":{"@id":"https:\/\/www.alpilegno.com\/de#website"},"datePublished":"2021-01-26T07:59:40+00:00","dateModified":"2026-04-10T06:39:46+00:00","breadcrumb":{"@id":"https:\/\/www.alpilegno.com\/de\/cookies#breadcrumb"},"inLanguage":"de","potentialAction":[{"@type":"ReadAction","target":["https:\/\/www.alpilegno.com\/de\/cookies"]}]},{"@type":"BreadcrumbList","@id":"https:\/\/www.alpilegno.com\/de\/cookies#breadcrumb","itemListElement":[{"@type":"ListItem","position":1,"name":"Home","item":"https:\/\/www.alpilegno.com\/de"},{"@type":"ListItem","position":2,"name":"Cookies"}]},{"@type":"WebSite","@id":"https:\/\/www.alpilegno.com\/de#website","url":"https:\/\/www.alpilegno.com\/de","name":"Alpilegno","description":"","potentialAction":[{"@type":"SearchAction","target":{"@type":"EntryPoint","urlTemplate":"https:\/\/www.alpilegno.com\/de?s={search_term_string}"},"query-input":{"@type":"PropertyValueSpecification","valueRequired":true,"valueName":"search_term_string"}}],"inLanguage":"de"}]}},"_links":{"self":[{"href":"https:\/\/www.alpilegno.com\/de\/wp-json\/wp\/v2\/pages\/2953","targetHints":{"allow":["GET"]}}],"collection":[{"href":"https:\/\/www.alpilegno.com\/de\/wp-json\/wp\/v2\/pages"}],"about":[{"href":"https:\/\/www.alpilegno.com\/de\/wp-json\/wp\/v2\/types\/page"}],"author":[{"embeddable":true,"href":"https:\/\/www.alpilegno.com\/de\/wp-json\/wp\/v2\/users\/2"}],"replies":[{"embeddable":true,"href":"https:\/\/www.alpilegno.com\/de\/wp-json\/wp\/v2\/comments?post=2953"}],"version-history":[{"count":0,"href":"https:\/\/www.alpilegno.com\/de\/wp-json\/wp\/v2\/pages\/2953\/revisions"}],"wp:attachment":[{"href":"https:\/\/www.alpilegno.com\/de\/wp-json\/wp\/v2\/media?parent=2953"}],"curies":[{"name":"wp","href":"https:\/\/api.w.org\/{rel}","templated":true}]}}