{"id":2966,"date":"2021-01-26T08:59:40","date_gmt":"2021-01-26T07:59:40","guid":{"rendered":"https:\/\/www.alpilegno.com\/cookies"},"modified":"2026-04-10T08:38:23","modified_gmt":"2026-04-10T06:38:23","slug":"cookies","status":"publish","type":"page","link":"https:\/\/www.alpilegno.com\/fr\/cookies","title":{"rendered":"Cookies"},"content":{"rendered":"<p>Le site web www.alpilegno.com (\u201cSite\u201c) utilise des cookies. Les cookies sont des cha\u00eenes de texte cr\u00e9\u00e9es par un serveur et stock\u00e9es sur le disque dur de votre ordinateur ou de tout appareil utilis\u00e9 par l\u2019utilisateur pour acc\u00e9der \u00e0 Internet (smartphone, tablette, etc.), puis retransmises lors du prochain acc\u00e8s de l\u2019utilisateur \u00e0 Internet. Les cookies permettent de collecter des informations sur votre navigation sur le Site, par exemple pour m\u00e9moriser vos pr\u00e9f\u00e9rences linguistiques ou la devise utilis\u00e9e pour un achat, et de vous les proposer lors de votre prochaine visite pour en faciliter l\u2019utilisation. Les cookies peuvent \u00eatre stock\u00e9s de mani\u00e8re permanente sur votre ordinateur et avoir une dur\u00e9e variable (cookies persistants), mais ils peuvent aussi dispara\u00eetre lorsque vous fermez votre navigateur ou avoir une dur\u00e9e limit\u00e9e (cookies de session). Les cookies peuvent \u00eatre d\u00e9finis par le site que vous visitez (cookies de premi\u00e8re partie) ou peuvent \u00eatre d\u00e9finis par d\u2019autres sites web (cookies de tierce partie). Le site utilise des cookies de premi\u00e8re partie, des cookies de tierce partie et d\u2019autres technologies similaires, comme d\u00e9crit plus en d\u00e9tail ci-dessous..<\/p>\n<h2>Responsable du traitement<\/h2>\n<p>Alpilegno Srl unipersonale, via Ampola 32\/B \u2013 38067 Ledro (TN), P. Iva 02206780229 Tel 0464595440 &#8211; E-mail <a href=\"mailto:alpilegno@alpilegno.com\">alpilegno@alpilegno.com<\/a> (ci-apr\u00e8s \u00e9galement la \u201cSoci\u00e9t\u00e9\u201d).<\/p>\n<h2>1 &#8211; Finalit\u00e9 du traitement<\/h2>\n<p>1.1 &#8211; Cookies techniques n\u00e9cessaires: le Site utilise des cookies de premi\u00e8re partie, de session et persistants pour vous permettre une navigation et une utilisation s\u00fbres et efficaces du Site ainsi que pour am\u00e9liorer les services rendus par le Site. Il s&rsquo;agit de cookies qui, par exemple, permettent de reconna\u00eetre la langue s\u00e9lectionn\u00e9e et le pays \u00e0 partir duquel l&rsquo;utilisateur se connecte au site. Ces cookies, en vous reconnaissant \u00e0 un nouvel acc\u00e8s au Site, vous \u00e9vitent de saisir vos donn\u00e9es \u00e0 chaque fois. Le Site utilise \u00e9galement des cookies tiers de Google Analytics pour collecter des informations sur l&rsquo;utilisation du Site par les utilisateurs (nombre de visiteurs, pages visit\u00e9es, temps de s\u00e9jour sur le site, etc.). Les adresses IP des utilisateurs sont collect\u00e9es et trait\u00e9es de mani\u00e8re anonyme et les param\u00e8tres du service ne pr\u00e9voient pas le partage des donn\u00e9es avec Google. Pour plus de d\u00e9tails et d&rsquo;informations, vous pouvez visiter la page du fournisseur <a href=\"https:\/\/support.google.com\/analytics\/answer\/1011397\" target=\"_blank\" rel=\"noopener\">https:\/\/support.google.com\/analytics\/answer\/1011397<\/a>. Vous pouvez d\u00e9sactiver les cookies Google Analytics dans tous les cas en t\u00e9l\u00e9chargeant un plug-in de navigateur sp\u00e9cifique disponible ici: <a href=\"https:\/\/tools.google.com\/dlpage\/gaoptout\" target=\"_blank\" rel=\"noopener\">https:\/\/tools.google.com\/dlpage\/gaoptout<\/a>.<\/p>\n<h2>2 &#8211; Bases juridiques des traitements<\/h2>\n<p>2.1 &#8211; Cookies techniques n\u00e9cessaires: ex\u00e9cution d&rsquo;un contrat dont vous \u00eates partie (utilisation du site).<\/p>\n<h2>3 &#8211; P\u00e9riode de conservation des donn\u00e9es personnelles<\/h2>\n<p>Pour v\u00e9rifier la dur\u00e9e de vie des cookies individuels, reportez-vous \u00e0 la <a href=\"#\" class=\"cm-open-cookie-notice cm-open-cookie-notice-shortcode-type-link\" aria-haspopup=\"dialog\"><span class=\"cm-open-cookie-notice-span\">liste compl\u00e8te des cookies<\/span><\/a>.<\/p>\n<h2>4 \u2013 Vos droits en tant que personne concern\u00e9e au traitement<\/h2>\n<p>En contactant la Soci\u00e9t\u00e9 par e-mail \u00e0 l\u2019adresse\u00a0<a href=\"mailto:alpilegno@alpilegno.com\" target=\"_blank\" rel=\"noopener\">alpilegno@alpilegno.com<\/a>, vous pouvez demander \u00e0 la Soci\u00e9t\u00e9 l\u2019acc\u00e8s aux donn\u00e9es vous concernant, leur suppression, la rectification des donn\u00e9es inexactes, l\u2019int\u00e9gration des donn\u00e9es incompl\u00e8tes, la limitation du traitement dans les cas pr\u00e9vus par l\u2019art. 18 du RGPD, ainsi que l\u2019opposition au<\/p>\n<p>En outre, si le traitement est bas\u00e9 sur le consentement ou le contrat et est effectu\u00e9 avec des outils automatis\u00e9s, vous avez le droit de recevoir vos donn\u00e9es personnelles dans un format structur\u00e9, couramment utilis\u00e9 et lisible par un appareil automatique, ainsi que, si cela est techniquement possible, de les transmettre \u00e0 un autre titulaire sans entrave.<\/p>\n<p>Vous avez le droit de retirer votre consentement \u00e0 tout moment \u00e0 des fins de marketing et\/ou de profilage, ainsi que de vous opposer au traitement des donn\u00e9es \u00e0 des fins de marketing, y compris le profilage li\u00e9 au marketing direct. La possibilit\u00e9, si vous pr\u00e9f\u00e9rez \u00eatre contact\u00e9 \u00e0 ces fins exclusivement par des modalit\u00e9s traditionnelles, de ne manifester votre opposition qu&rsquo;\u00e0 la r\u00e9ception de communications par des moyens automatis\u00e9s reste ferme.<\/p>\n<p>Vous avez le droit de d\u00e9poser une plainte aupr\u00e8s de l&rsquo;autorit\u00e9 de contr\u00f4le comp\u00e9tente dans l&rsquo;\u00c9tat membre dans lequel vous r\u00e9sidez habituellement ou travaillez ou dans l&rsquo;\u00c9tat o\u00f9 la violation pr\u00e9sum\u00e9e a eu lieu.<\/p>\n<p>Vous pouvez vous opposer \u00e0 l&rsquo;enregistrement des cookies sur votre disque dur en configurant votre navigateur de mani\u00e8re \u00e0 d\u00e9sactiver les cookies. Vous trouverez ci-dessous les modalit\u00e9s propos\u00e9es par les principaux navigateurs: <a href=\"https:\/\/support.google.com\/chrome\/answer\/95647?hl=it-it\" target=\"_blank\" rel=\"noopener\">Google Chrome<\/a>, <a href=\"https:\/\/support.apple.com\/it-it\/guide\/safari\/sfri11471\/mac#:~:text=Nell'app%20Safari%20sul%20Mac,il%20monitoraggio%20tra%20siti%20web%E2%80%9D\" target=\"_blank\" rel=\"noopener\">Safari<\/a>, <a href=\"https:\/\/support.mozilla.org\/it\/kb\/Bloccare%20i%20cookie\" target=\"_blank\" rel=\"noopener\">Mozilla Firefox<\/a>, <a href=\"https:\/\/support.microsoft.com\/it-it\/microsoft-edge\/eliminare-i-cookie-in-microsoft-edge-63947406-40ac-c3b8-57b9-2a946a29ae09#:~:text=Apri%20Microsoft%20Edge%20and%20seleziona,del%20sito%2C%20quindi%20Cancella%20ora\" target=\"_blank\" rel=\"noopener\">Microsoft Edge<\/a>.<\/p>\n<p>Apr\u00e8s cette op\u00e9ration, cependant, certaines fonctions des pages Web peuvent ne pas \u00eatre ex\u00e9cut\u00e9es correctement.<\/p>\n<h2>5 &#8211; Caract\u00e9ristiques des cookies utilis\u00e9s par le site<\/h2>\n<p>Vous pouvez consulter la liste compl\u00e8te des cookies utilis\u00e9s par le site en cliquant sur le lien suivant: <a href=\"#\" class=\"cm-open-cookie-notice cm-open-cookie-notice-shortcode-type-button\" aria-haspopup=\"dialog\"><span class=\"cm-open-cookie-notice-span\">Liste compl\u00e8te des cookies<\/span><\/a><\/p>\n<h2>6 \u2013 Sujets autoris\u00e9s au traitement<\/h2>\n<p>Les donn\u00e9es collect\u00e9es par le biais des cookies seront trait\u00e9es par des employ\u00e9s, des collaborateurs de la Soci\u00e9t\u00e9 ou des entit\u00e9s externes, en tant que sous-traitants et sous-traitants, qui effectuent pour le compte de la Soci\u00e9t\u00e9 des t\u00e2ches techniques et organisationnelles du Site. Une liste compl\u00e8te et \u00e0 jour des sous-traitants nomm\u00e9s par la soci\u00e9t\u00e9 peut \u00eatre obtenue en \u00e9crivant par e-mail \u00e0 <a href=\"mailto:alpilegno@alpilegno.com\" target=\"_blank\" rel=\"noopener\">alpilegno@alpilegno.com<\/a>.<\/p>\n","protected":false},"excerpt":{"rendered":"<p>Le site web www.alpilegno.com (\u201cSite\u201c) utilise des cookies. Les cookies sont des cha\u00eenes de texte cr\u00e9\u00e9es par un serveur et stock\u00e9es sur le disque dur de votre ordinateur ou de tout appareil utilis\u00e9 par l\u2019utilisateur pour acc\u00e9der \u00e0 Internet (smartphone, tablette, etc.), puis retransmises lors du prochain acc\u00e8s de l\u2019utilisateur \u00e0 Internet. Les cookies permettent [&hellip;]<\/p>\n","protected":false},"author":2,"featured_media":0,"parent":0,"menu_order":0,"comment_status":"closed","ping_status":"closed","template":"","meta":{"_acf_changed":false,"footnotes":""},"class_list":["post-2966","page","type-page","status-publish","hentry"],"acf":[],"yoast_head":"<!-- This site is optimized with the Yoast SEO plugin v26.7 - https:\/\/yoast.com\/wordpress\/plugins\/seo\/ -->\n<title>Cookies - Alpilegno<\/title>\n<meta name=\"robots\" content=\"index, follow, max-snippet:-1, max-image-preview:large, max-video-preview:-1\" \/>\n<meta property=\"og:locale\" content=\"fr_FR\" \/>\n<meta property=\"og:type\" content=\"article\" \/>\n<meta property=\"og:title\" content=\"Cookies - Alpilegno\" \/>\n<meta property=\"og:description\" content=\"Le site web www.alpilegno.com (\u201cSite\u201c) utilise des cookies. Les cookies sont des cha\u00eenes de texte cr\u00e9\u00e9es par un serveur et stock\u00e9es sur le disque dur de votre ordinateur ou de tout appareil utilis\u00e9 par l\u2019utilisateur pour acc\u00e9der \u00e0 Internet (smartphone, tablette, etc.), puis retransmises lors du prochain acc\u00e8s de l\u2019utilisateur \u00e0 Internet. Les cookies permettent [&hellip;]\" \/>\n<meta property=\"og:url\" content=\"https:\/\/www.alpilegno.com\/fr\/cookies\" \/>\n<meta property=\"og:site_name\" content=\"Alpilegno\" \/>\n<meta property=\"article:modified_time\" content=\"2026-04-10T06:38:23+00:00\" \/>\n<meta property=\"og:image\" content=\"https:\/\/www.alpilegno.com\/wp-content\/uploads\/2021\/12\/contatti.jpg\" \/>\n\t<meta property=\"og:image:width\" content=\"750\" \/>\n\t<meta property=\"og:image:height\" content=\"695\" \/>\n\t<meta property=\"og:image:type\" content=\"image\/jpeg\" \/>\n<meta name=\"twitter:card\" content=\"summary_large_image\" \/>\n<meta name=\"twitter:label1\" content=\"Dur\u00e9e de lecture estim\u00e9e\" \/>\n\t<meta name=\"twitter:data1\" content=\"5 minutes\" \/>\n<script type=\"application\/ld+json\" class=\"yoast-schema-graph\">{\"@context\":\"https:\/\/schema.org\",\"@graph\":[{\"@type\":\"WebPage\",\"@id\":\"https:\/\/www.alpilegno.com\/fr\/cookies\",\"url\":\"https:\/\/www.alpilegno.com\/fr\/cookies\",\"name\":\"Cookies - Alpilegno\",\"isPartOf\":{\"@id\":\"https:\/\/www.alpilegno.com\/fr#website\"},\"datePublished\":\"2021-01-26T07:59:40+00:00\",\"dateModified\":\"2026-04-10T06:38:23+00:00\",\"breadcrumb\":{\"@id\":\"https:\/\/www.alpilegno.com\/fr\/cookies#breadcrumb\"},\"inLanguage\":\"fr-FR\",\"potentialAction\":[{\"@type\":\"ReadAction\",\"target\":[\"https:\/\/www.alpilegno.com\/fr\/cookies\"]}]},{\"@type\":\"BreadcrumbList\",\"@id\":\"https:\/\/www.alpilegno.com\/fr\/cookies#breadcrumb\",\"itemListElement\":[{\"@type\":\"ListItem\",\"position\":1,\"name\":\"Home\",\"item\":\"https:\/\/www.alpilegno.com\/fr\"},{\"@type\":\"ListItem\",\"position\":2,\"name\":\"Cookies\"}]},{\"@type\":\"WebSite\",\"@id\":\"https:\/\/www.alpilegno.com\/fr#website\",\"url\":\"https:\/\/www.alpilegno.com\/fr\",\"name\":\"Alpilegno\",\"description\":\"\",\"potentialAction\":[{\"@type\":\"SearchAction\",\"target\":{\"@type\":\"EntryPoint\",\"urlTemplate\":\"https:\/\/www.alpilegno.com\/fr?s={search_term_string}\"},\"query-input\":{\"@type\":\"PropertyValueSpecification\",\"valueRequired\":true,\"valueName\":\"search_term_string\"}}],\"inLanguage\":\"fr-FR\"}]}<\/script>\n<!-- \/ Yoast SEO plugin. -->","yoast_head_json":{"title":"Cookies - Alpilegno","robots":{"index":"index","follow":"follow","max-snippet":"max-snippet:-1","max-image-preview":"max-image-preview:large","max-video-preview":"max-video-preview:-1"},"og_locale":"fr_FR","og_type":"article","og_title":"Cookies - Alpilegno","og_description":"Le site web www.alpilegno.com (\u201cSite\u201c) utilise des cookies. Les cookies sont des cha\u00eenes de texte cr\u00e9\u00e9es par un serveur et stock\u00e9es sur le disque dur de votre ordinateur ou de tout appareil utilis\u00e9 par l\u2019utilisateur pour acc\u00e9der \u00e0 Internet (smartphone, tablette, etc.), puis retransmises lors du prochain acc\u00e8s de l\u2019utilisateur \u00e0 Internet. Les cookies permettent [&hellip;]","og_url":"https:\/\/www.alpilegno.com\/fr\/cookies","og_site_name":"Alpilegno","article_modified_time":"2026-04-10T06:38:23+00:00","og_image":[{"width":750,"height":695,"url":"https:\/\/www.alpilegno.com\/wp-content\/uploads\/2021\/12\/contatti.jpg","type":"image\/jpeg"}],"twitter_card":"summary_large_image","twitter_misc":{"Dur\u00e9e de lecture estim\u00e9e":"5 minutes"},"schema":{"@context":"https:\/\/schema.org","@graph":[{"@type":"WebPage","@id":"https:\/\/www.alpilegno.com\/fr\/cookies","url":"https:\/\/www.alpilegno.com\/fr\/cookies","name":"Cookies - Alpilegno","isPartOf":{"@id":"https:\/\/www.alpilegno.com\/fr#website"},"datePublished":"2021-01-26T07:59:40+00:00","dateModified":"2026-04-10T06:38:23+00:00","breadcrumb":{"@id":"https:\/\/www.alpilegno.com\/fr\/cookies#breadcrumb"},"inLanguage":"fr-FR","potentialAction":[{"@type":"ReadAction","target":["https:\/\/www.alpilegno.com\/fr\/cookies"]}]},{"@type":"BreadcrumbList","@id":"https:\/\/www.alpilegno.com\/fr\/cookies#breadcrumb","itemListElement":[{"@type":"ListItem","position":1,"name":"Home","item":"https:\/\/www.alpilegno.com\/fr"},{"@type":"ListItem","position":2,"name":"Cookies"}]},{"@type":"WebSite","@id":"https:\/\/www.alpilegno.com\/fr#website","url":"https:\/\/www.alpilegno.com\/fr","name":"Alpilegno","description":"","potentialAction":[{"@type":"SearchAction","target":{"@type":"EntryPoint","urlTemplate":"https:\/\/www.alpilegno.com\/fr?s={search_term_string}"},"query-input":{"@type":"PropertyValueSpecification","valueRequired":true,"valueName":"search_term_string"}}],"inLanguage":"fr-FR"}]}},"_links":{"self":[{"href":"https:\/\/www.alpilegno.com\/fr\/wp-json\/wp\/v2\/pages\/2966","targetHints":{"allow":["GET"]}}],"collection":[{"href":"https:\/\/www.alpilegno.com\/fr\/wp-json\/wp\/v2\/pages"}],"about":[{"href":"https:\/\/www.alpilegno.com\/fr\/wp-json\/wp\/v2\/types\/page"}],"author":[{"embeddable":true,"href":"https:\/\/www.alpilegno.com\/fr\/wp-json\/wp\/v2\/users\/2"}],"replies":[{"embeddable":true,"href":"https:\/\/www.alpilegno.com\/fr\/wp-json\/wp\/v2\/comments?post=2966"}],"version-history":[{"count":0,"href":"https:\/\/www.alpilegno.com\/fr\/wp-json\/wp\/v2\/pages\/2966\/revisions"}],"wp:attachment":[{"href":"https:\/\/www.alpilegno.com\/fr\/wp-json\/wp\/v2\/media?parent=2966"}],"curies":[{"name":"wp","href":"https:\/\/api.w.org\/{rel}","templated":true}]}}