{"id":2967,"date":"2021-01-26T08:59:40","date_gmt":"2021-01-26T07:59:40","guid":{"rendered":"https:\/\/www.alpilegno.com\/privacy-policy"},"modified":"2026-04-10T08:38:16","modified_gmt":"2026-04-10T06:38:16","slug":"politique-de-confidentialite","status":"publish","type":"page","link":"https:\/\/www.alpilegno.com\/fr\/politique-de-confidentialite","title":{"rendered":"Politique de confidentialit\u00e9"},"content":{"rendered":"<p>Conform\u00e9ment aux articles 13 et 14 du r\u00e8glement europ\u00e9en (UE) 2016\/679 (ci-apr\u00e8s GDPR), et en ce qui concerne les donn\u00e9es personnelles dont le responsable du traitement entrera dans la disponibilit\u00e9, nous communiquons ce qui suit:<\/p>\n<h2>Responsable du traitement<\/h2>\n<p>Alpilegno Srl unipersonale, via Ampola 32\/B \u2013 38067 Ledro (TN), P. Iva 02206780229<br \/>\nTel 0464595440 &#8211; E-mail <a href=\"mailto:alpilegno@alpilegno.com\">alpilegno@alpilegno.com<\/a><\/p>\n<h2>Type de donn\u00e9es, finalit\u00e9 et base juridique du traitement<\/h2>\n<p><strong>1. Si vous \u00eates un visiteur de notre site<\/strong>, les donn\u00e9es personnelles collect\u00e9es sont Nom\/Nom\/Entreprise, E-mail, T\u00e9l\u00e9phone. Le but du traitement est de traiter des devis ou de fournir des informations sur nos produits. La base juridique du traitement est l&rsquo;ex\u00e9cution de mesures pr\u00e9contractuelles.<\/p>\n<p><strong>2. Si vous \u00eates un de nos clients<\/strong>, les donn\u00e9es personnelles collect\u00e9es sont Nom\/nom, donn\u00e9es de base, donn\u00e9es de contact (E-mail\/PEC et t\u00e9l\u00e9phone), adresse, num\u00e9ro d&rsquo;identification fiscale et\/ou num\u00e9ro de TVA, tout code SDI (pour facturation \u00e9lectronique) donn\u00e9es cadastrales\/tableaux\/de conception, le titre d&rsquo;autorisation de construction relatif \u00e0 l&rsquo;\u0153uvre \u00e0 r\u00e9aliser Dans ce cas, les finalit\u00e9s du traitement et la base juridique correspondante peuvent \u00eatre: a) l\u2019ex\u00e9cution d\u2019obligations contractuelles (base juridique: ex\u00e9cution d\u2019un contrat); b) l\u2019accomplissement d\u2019obligations fiscales et comptables (base juridique: ex\u00e9cution d\u2019une obligation l\u00e9gale;\u00a0c) la n\u00e9cessit\u00e9 \u00e9ventuelle de recouvrement de cr\u00e9ances et\/ou la gestion de tout litige (base juridique: int\u00e9r\u00eat l\u00e9gitime du contr\u00f4leur); d) les activit\u00e9s de marketing direct et de promotion du contr\u00f4leur (base juridique: votre consentement sp\u00e9cifique).<\/p>\n<p><strong>3. Si vous \u00eates notre fournisseur (dans le cas d&rsquo;une entreprise individuelle ou d&rsquo;un freelance)<\/strong>, les donn\u00e9es personnelles collect\u00e9es sont nom\/nom\/raison de l&rsquo;entreprise, les donn\u00e9es de t\u00e9l\u00e9phone, les coordonn\u00e9es (E-mail\/PEC, t\u00e9l\u00e9phone), l&rsquo;adresse, le num\u00e9ro d&rsquo;identification fiscale et\/ou le num\u00e9ro de TVA, les coordonn\u00e9es bancaires, le certificat d&rsquo;inscription Dans ce cas, les finalit\u00e9s du traitement et la base juridique correspondante, peuvent \u00eatre: a) l\u2019ex\u00e9cution d\u2019obligations contractuelles (base juridique: ex\u00e9cution d\u2019un contrat); b) l\u2019accomplissement d\u2019obligations fiscales et comptables (base juridique: ex\u00e9cution d\u2019une obligation l\u00e9gale; c) la n\u00e9cessit\u00e9 \u00e9ventuelle de g\u00e9rer un litige (base juridique l\u00e9gitime: int\u00e9r\u00eat du titulaire).<\/p>\n<p><strong>4. Si vous \u00eates un administrateur\/employ\u00e9\/collaborateur de nos clients et\/ou fournisseurs<\/strong>, il se peut que nous traitons vos donn\u00e9es personnelles (nom\/nom, adresse \u00e9lectronique d&rsquo;entreprise, num\u00e9ro de t\u00e9l\u00e9phone portable) uniquement en raison des relations contractuelles qui nous lient \u00e0 votre employeur. La base juridique est l&rsquo;ex\u00e9cution de mesures contractuelles.<\/p>\n<p><strong>5. Si vous \u00eates candidat \u00e0 l&#8217;embauche<\/strong>, les donn\u00e9es personnelles collect\u00e9es sont Nom\/Nom, Donn\u00e9es de base, Donn\u00e9es de contact (E- mail\/PEC et t\u00e9l\u00e9phone), adresse, code fiscal, photographie, dipl\u00f4me et qualifications, exp\u00e9rience professionnelle, \u00e9ventuelle appartenance \u00e0 des cat\u00e9gories prot\u00e9g\u00e9es. L&rsquo;objectif du traitement est la recherche et la s\u00e9lection du personnel aux fins d&rsquo;un \u00e9ventuel recrutement. Conform\u00e9ment \u00e0 l&rsquo;art. 111 bis D.Lgs. 196\/2003, votre consentement n&rsquo;est pas requis aux fins indiqu\u00e9es.<\/p>\n<h2>Modalit\u00e9s de traitement des donn\u00e9es \u00e0 caract\u00e8re personnel<\/h2>\n<p>Le traitement est r\u00e9alis\u00e9 par des op\u00e9rations, effectu\u00e9es avec ou sans l\u2019aide d\u2019outils \u00e9lectroniques, qui peuvent consister en la collecte, l\u2019enregistrement, l\u2019organisation, la conservation, l\u2019interconnexion, la limitation, la modification, la consultation, l\u2019utilisation, la communication, l\u2019effacement, la destruction des donn\u00e9es. Le traitement est effectu\u00e9 par le Responsable, les mandataires express\u00e9ment autoris\u00e9s par le Titulaire ou par des Responsables externes du Traitement sp\u00e9cialement d\u00e9sign\u00e9s par le Titulaire.<\/p>\n<p>Si nous avons l&rsquo;intention de traiter davantage vos donn\u00e9es personnelles \u00e0 des fins autres que celles pour lesquelles elles ont \u00e9t\u00e9 collect\u00e9es, avant de proc\u00e9der \u00e0 un tel traitement ult\u00e9rieur, nous vous fournirons toutes les informations pertinentes en demandant votre consentement si n\u00e9cessaire.<\/p>\n<p>Il peut arriver que nous utilisions, \u00e0 des fins de promotion directe de nos services, les coordonn\u00e9es de courrier \u00e9lectronique que vous nous avez fournies dans le cadre d&rsquo;une vente ou d&rsquo;une prestation de services ant\u00e9rieure, m\u00eame sans que vous ayez express\u00e9ment donn\u00e9 votre consentement et \u00e0 condition qu&rsquo;il s&rsquo;agisse de produits ou de services similaires \u00e0 ceux fournis pr\u00e9c\u00e9demment. Cependant, vous pouvez toujours choisir de ne plus recevoir ces informations, initialement ou lors de communications ult\u00e9rieures.<\/p>\n<h2>Fourniture de donn\u00e9es et refus<\/h2>\n<p>Dans le cas de vos demandes d\u2019informations et\/ou de devis ou en cas d\u2019achat de l\u2019un de nos produits ou services, la fourniture de vos donn\u00e9es personnelles est n\u00e9cessaire aux fins de l\u2019ex\u00e9cution des mesures pr\u00e9contractuelles et contractuelles que vous avez demand\u00e9es et, par cons\u00e9quent, votre refus entra\u00eene l\u2019impossibilit\u00e9 de remplir le contrat.<\/p>\n<h2>Destinataires des donn\u00e9es<\/h2>\n<p>Vos donn\u00e9es personnelles ne sont pas diffus\u00e9es. Ils ne peuvent conna\u00eetre que notre personnel autoris\u00e9 et\/ou des sous-traitants agissant en notre nom avec des contrats pr\u00e9voyant un niveau ad\u00e9quat de protection des donn\u00e9es personnelles, conform\u00e9ment au GDPR.<\/p>\n<p>Les donn\u00e9es peuvent \u00eatre communiqu\u00e9es en g\u00e9n\u00e9ral \u00e0 tous les sujets et\/ou entit\u00e9s auxquels la communication est n\u00e9cessaire pour l&rsquo;ex\u00e9cution correcte des finalit\u00e9s du traitement ou pour les obligations impos\u00e9es par la loi (par exemple, administratives, comptables, fiscales).<\/p>\n<h2>Transfert de donn\u00e9es vers des pays tiers ou des organisations internationales<\/h2>\n<p>Il n&rsquo;est pas pr\u00e9vu de transf\u00e9rer des donn\u00e9es vers des pays tiers ou vers des organisations internationales. Nous nous assurons toutefois que si cela s\u2019av\u00e8re n\u00e9cessaire, ce transfert se fera sur la base d\u2019une d\u00e9cision d\u2019ad\u00e9quation de la Commission europ\u00e9enne conform\u00e9ment \u00e0 l\u2019art. 45 du GDPR.<\/p>\n<h2>Conservation des donn\u00e9es<\/h2>\n<p>Les donn\u00e9es sont conserv\u00e9es aussi longtemps que n\u00e9cessaire \u00e0 la poursuite des finalit\u00e9s \u00e9nonc\u00e9es dans la pr\u00e9sente politique, pour des obligations l\u00e9gales ou pour faire valoir un droit en justice. Une fois les d\u00e9lais de prescription \u00e9coul\u00e9s, les donn\u00e9es personnelles seront d\u00e9finitivement supprim\u00e9es ou, alternativement, anonymis\u00e9es.<\/p>\n<p>\u00c0 des fins de marketing direct \/ bulletin d&rsquo;information \/ activit\u00e9s promotionnelles du propri\u00e9taire ou de profilage, les donn\u00e9es seront conserv\u00e9es jusqu&rsquo;\u00e0 ce que vous r\u00e9voquiez votre consentement ou que vous fassiez d\u00e9sadonnez la demande de d\u00e9sinscription.<\/p>\n<p>Si vous nous avez envoy\u00e9 un CV pour un \u00e9ventuel recrutement, le d\u00e9lai de conservation maximum est de 1 an.<\/p>\n<h2>Vos droits<\/h2>\n<p>Vous avez le droit de demander au responsable du traitement: d&rsquo;acc\u00e9der \u00e0 vos donn\u00e9es personnelles; de demander la rectification des donn\u00e9es inexactes ou l&rsquo;int\u00e9gration de donn\u00e9es incompl\u00e8tes; de demander leur suppression (aux conditions indiqu\u00e9es \u00e0 l&rsquo;art. 17 GDPR); de limiter le traitement (aux conditions de l\u2019art. 18 GDPR); de vous opposer \u00e0 leur traitement; de demander \u2013 dans la mesure du possible \u2013 une copie de vos donn\u00e9es personnelles sous forme \u00e9lectronique et le droit de transmettre ces donn\u00e9es personnelles pour les utiliser dans le cadre du service d\u2019autres propri\u00e9taires (appel\u00e9e portabilit\u00e9 des donn\u00e9es); de ne pas faire l&rsquo;objet d&rsquo;une d\u00e9cision fond\u00e9e uniquement sur un processus d\u00e9cisionnel automatis\u00e9, y compris en ce qui concerne le profilage, si la d\u00e9cision a un effet juridique sur vous ou entra\u00eene un effet significatif similaire; de d\u00e9poser une plainte aupr\u00e8s de l&rsquo;autorit\u00e9 charg\u00e9e de la protection des donn\u00e9es \u2013 <a href=\"https:\/\/www.garanteprivacy.it\/\" target=\"_blank\" rel=\"noopener\">www.garanteprivacy.it<\/a><\/p>\n","protected":false},"excerpt":{"rendered":"<p>Conform\u00e9ment aux articles 13 et 14 du r\u00e8glement europ\u00e9en (UE) 2016\/679 (ci-apr\u00e8s GDPR), et en ce qui concerne les donn\u00e9es personnelles dont le responsable du traitement entrera dans la disponibilit\u00e9, nous communiquons ce qui suit: Responsable du traitement Alpilegno Srl unipersonale, via Ampola 32\/B \u2013 38067 Ledro (TN), P. Iva 02206780229 Tel 0464595440 &#8211; E-mail [&hellip;]<\/p>\n","protected":false},"author":2,"featured_media":0,"parent":0,"menu_order":0,"comment_status":"closed","ping_status":"closed","template":"","meta":{"_acf_changed":false,"footnotes":""},"class_list":["post-2967","page","type-page","status-publish","hentry"],"acf":[],"yoast_head":"<!-- This site is optimized with the Yoast SEO plugin v26.7 - https:\/\/yoast.com\/wordpress\/plugins\/seo\/ -->\n<title>Politique de confidentialit\u00e9 - Alpilegno<\/title>\n<meta name=\"robots\" content=\"index, follow, max-snippet:-1, max-image-preview:large, max-video-preview:-1\" \/>\n<meta property=\"og:locale\" content=\"fr_FR\" \/>\n<meta property=\"og:type\" content=\"article\" \/>\n<meta property=\"og:title\" content=\"Politique de confidentialit\u00e9 - Alpilegno\" \/>\n<meta property=\"og:description\" content=\"Conform\u00e9ment aux articles 13 et 14 du r\u00e8glement europ\u00e9en (UE) 2016\/679 (ci-apr\u00e8s GDPR), et en ce qui concerne les donn\u00e9es personnelles dont le responsable du traitement entrera dans la disponibilit\u00e9, nous communiquons ce qui suit: Responsable du traitement Alpilegno Srl unipersonale, via Ampola 32\/B \u2013 38067 Ledro (TN), P. Iva 02206780229 Tel 0464595440 &#8211; E-mail [&hellip;]\" \/>\n<meta property=\"og:url\" content=\"https:\/\/www.alpilegno.com\/fr\/politique-de-confidentialite\" \/>\n<meta property=\"og:site_name\" content=\"Alpilegno\" \/>\n<meta property=\"article:modified_time\" content=\"2026-04-10T06:38:16+00:00\" \/>\n<meta property=\"og:image\" content=\"https:\/\/www.alpilegno.com\/wp-content\/uploads\/2021\/12\/contatti.jpg\" \/>\n\t<meta property=\"og:image:width\" content=\"750\" \/>\n\t<meta property=\"og:image:height\" content=\"695\" \/>\n\t<meta property=\"og:image:type\" content=\"image\/jpeg\" \/>\n<meta name=\"twitter:card\" content=\"summary_large_image\" \/>\n<meta name=\"twitter:label1\" content=\"Dur\u00e9e de lecture estim\u00e9e\" \/>\n\t<meta name=\"twitter:data1\" content=\"6 minutes\" \/>\n<script type=\"application\/ld+json\" class=\"yoast-schema-graph\">{\"@context\":\"https:\/\/schema.org\",\"@graph\":[{\"@type\":\"WebPage\",\"@id\":\"https:\/\/www.alpilegno.com\/fr\/politique-de-confidentialite\",\"url\":\"https:\/\/www.alpilegno.com\/fr\/politique-de-confidentialite\",\"name\":\"Politique de confidentialit\u00e9 - Alpilegno\",\"isPartOf\":{\"@id\":\"https:\/\/www.alpilegno.com\/fr#website\"},\"datePublished\":\"2021-01-26T07:59:40+00:00\",\"dateModified\":\"2026-04-10T06:38:16+00:00\",\"breadcrumb\":{\"@id\":\"https:\/\/www.alpilegno.com\/fr\/politique-de-confidentialite#breadcrumb\"},\"inLanguage\":\"fr-FR\",\"potentialAction\":[{\"@type\":\"ReadAction\",\"target\":[\"https:\/\/www.alpilegno.com\/fr\/politique-de-confidentialite\"]}]},{\"@type\":\"BreadcrumbList\",\"@id\":\"https:\/\/www.alpilegno.com\/fr\/politique-de-confidentialite#breadcrumb\",\"itemListElement\":[{\"@type\":\"ListItem\",\"position\":1,\"name\":\"Home\",\"item\":\"https:\/\/www.alpilegno.com\/fr\"},{\"@type\":\"ListItem\",\"position\":2,\"name\":\"Politique de confidentialit\u00e9\"}]},{\"@type\":\"WebSite\",\"@id\":\"https:\/\/www.alpilegno.com\/fr#website\",\"url\":\"https:\/\/www.alpilegno.com\/fr\",\"name\":\"Alpilegno\",\"description\":\"\",\"potentialAction\":[{\"@type\":\"SearchAction\",\"target\":{\"@type\":\"EntryPoint\",\"urlTemplate\":\"https:\/\/www.alpilegno.com\/fr?s={search_term_string}\"},\"query-input\":{\"@type\":\"PropertyValueSpecification\",\"valueRequired\":true,\"valueName\":\"search_term_string\"}}],\"inLanguage\":\"fr-FR\"}]}<\/script>\n<!-- \/ Yoast SEO plugin. -->","yoast_head_json":{"title":"Politique de confidentialit\u00e9 - Alpilegno","robots":{"index":"index","follow":"follow","max-snippet":"max-snippet:-1","max-image-preview":"max-image-preview:large","max-video-preview":"max-video-preview:-1"},"og_locale":"fr_FR","og_type":"article","og_title":"Politique de confidentialit\u00e9 - Alpilegno","og_description":"Conform\u00e9ment aux articles 13 et 14 du r\u00e8glement europ\u00e9en (UE) 2016\/679 (ci-apr\u00e8s GDPR), et en ce qui concerne les donn\u00e9es personnelles dont le responsable du traitement entrera dans la disponibilit\u00e9, nous communiquons ce qui suit: Responsable du traitement Alpilegno Srl unipersonale, via Ampola 32\/B \u2013 38067 Ledro (TN), P. Iva 02206780229 Tel 0464595440 &#8211; E-mail [&hellip;]","og_url":"https:\/\/www.alpilegno.com\/fr\/politique-de-confidentialite","og_site_name":"Alpilegno","article_modified_time":"2026-04-10T06:38:16+00:00","og_image":[{"width":750,"height":695,"url":"https:\/\/www.alpilegno.com\/wp-content\/uploads\/2021\/12\/contatti.jpg","type":"image\/jpeg"}],"twitter_card":"summary_large_image","twitter_misc":{"Dur\u00e9e de lecture estim\u00e9e":"6 minutes"},"schema":{"@context":"https:\/\/schema.org","@graph":[{"@type":"WebPage","@id":"https:\/\/www.alpilegno.com\/fr\/politique-de-confidentialite","url":"https:\/\/www.alpilegno.com\/fr\/politique-de-confidentialite","name":"Politique de confidentialit\u00e9 - Alpilegno","isPartOf":{"@id":"https:\/\/www.alpilegno.com\/fr#website"},"datePublished":"2021-01-26T07:59:40+00:00","dateModified":"2026-04-10T06:38:16+00:00","breadcrumb":{"@id":"https:\/\/www.alpilegno.com\/fr\/politique-de-confidentialite#breadcrumb"},"inLanguage":"fr-FR","potentialAction":[{"@type":"ReadAction","target":["https:\/\/www.alpilegno.com\/fr\/politique-de-confidentialite"]}]},{"@type":"BreadcrumbList","@id":"https:\/\/www.alpilegno.com\/fr\/politique-de-confidentialite#breadcrumb","itemListElement":[{"@type":"ListItem","position":1,"name":"Home","item":"https:\/\/www.alpilegno.com\/fr"},{"@type":"ListItem","position":2,"name":"Politique de confidentialit\u00e9"}]},{"@type":"WebSite","@id":"https:\/\/www.alpilegno.com\/fr#website","url":"https:\/\/www.alpilegno.com\/fr","name":"Alpilegno","description":"","potentialAction":[{"@type":"SearchAction","target":{"@type":"EntryPoint","urlTemplate":"https:\/\/www.alpilegno.com\/fr?s={search_term_string}"},"query-input":{"@type":"PropertyValueSpecification","valueRequired":true,"valueName":"search_term_string"}}],"inLanguage":"fr-FR"}]}},"_links":{"self":[{"href":"https:\/\/www.alpilegno.com\/fr\/wp-json\/wp\/v2\/pages\/2967","targetHints":{"allow":["GET"]}}],"collection":[{"href":"https:\/\/www.alpilegno.com\/fr\/wp-json\/wp\/v2\/pages"}],"about":[{"href":"https:\/\/www.alpilegno.com\/fr\/wp-json\/wp\/v2\/types\/page"}],"author":[{"embeddable":true,"href":"https:\/\/www.alpilegno.com\/fr\/wp-json\/wp\/v2\/users\/2"}],"replies":[{"embeddable":true,"href":"https:\/\/www.alpilegno.com\/fr\/wp-json\/wp\/v2\/comments?post=2967"}],"version-history":[{"count":0,"href":"https:\/\/www.alpilegno.com\/fr\/wp-json\/wp\/v2\/pages\/2967\/revisions"}],"wp:attachment":[{"href":"https:\/\/www.alpilegno.com\/fr\/wp-json\/wp\/v2\/media?parent=2967"}],"curies":[{"name":"wp","href":"https:\/\/api.w.org\/{rel}","templated":true}]}}